{"id":25,"date":"2021-06-22T20:42:17","date_gmt":"2021-06-22T13:42:17","guid":{"rendered":"https:\/\/aba.money\/?page_id=25"},"modified":"2022-05-16T06:09:08","modified_gmt":"2022-05-15T23:09:08","slug":"sell","status":"publish","type":"page","link":"https:\/\/aba.money\/es\/","title":{"rendered":""},"content":{"rendered":"<div id=\"modal-ready\">\n<p style=\"text-align: justify;\"><strong>\u00bfHaz so\u00f1ado con viajar a un pa\u00eds extranjero sin tus tarjetas bancarias, cuentas bancarias e incluso sin tus tarjetas de identificaci\u00f3n? \u00bfTener solo bitcoins como tus principales fondos y un tel\u00e9fono con internet? \u00a1Ahora es posible para Camboya!<\/strong><\/p>\n<p style=\"text-align: justify;\">Ofrecemos un servicio de 5 minutos para el intercambio de sus bitcoins a equivalente en efectivo a trav\u00e9s de la opci\u00f3n an\u00f3nima de cajeros autom\u00e1ticos del banco ABA \u2013 c\u00f3digo de efectivo.<\/p>\n<p>Estos son los pasos para el intercambio:<\/p>\n<p style=\"text-align: justify;\">1. Usted solicita la cantidad de riels camboyanos o USD (m\u00ednimo $ 100 &#8211; l\u00edmite bancario) que desea recibir por sus bitcoins en el siguiente formulario.<\/p>\n<p style=\"text-align: justify;\">2. Despu\u00e9s de enviarnos esta informaci\u00f3n, usted y nosotros veremos la cantidad cotizada, haga clic en el bot\u00f3n Chat y escriba si prefiere el c\u00f3digo de efectivo o la transferencia bancaria.<\/p>\n<p style=\"text-align: justify;\">3. Recibir\u00e1 la direcci\u00f3n de bitcoin en nuestra respuesta del Chat donde transfiere la cantidad cotizada de bitcoins.<\/p>\n<p style=\"text-align: justify;\">4a. Emitiremos un c\u00f3digo para el retiro de efectivo en un cajero autom\u00e1tico ABA (activo durante 24 horas). Si se logr\u00f3 la retirada de efectivo, la transacci\u00f3n queda finalizada. En el caso de posibles retrasos en el retiro de efectivo, o en el caso de que el cajero autom\u00e1tico est\u00e1 fuera de servicio, nuevamente, emitiremos un c\u00f3digo luego de 24 horas, dependiendo de su preparaci\u00f3n.<\/p>\n<p style=\"text-align: justify;\">4b. Transferiremos riels camboyanos o USD en cualquier cuenta bancaria mencionada por usted en el Chat.<br \/>\n[cur-announc lang=ES]<\/p>\n<p>&nbsp;<\/p>\n<\/div>","protected":false},"excerpt":{"rendered":"<p>\u00bfHaz so\u00f1ado con viajar a un pa\u00eds extranjero sin tus tarjetas bancarias, cuentas bancarias e incluso sin tus tarjetas de identificaci\u00f3n? \u00bfTener solo bitcoins como tus principales fondos y un tel\u00e9fono con internet? \u00a1Ahora es posible para Camboya! Ofrecemos un servicio de 5 minutos para el intercambio de sus bitcoins a equivalente en efectivo a&#8230;<\/p>\n","protected":false},"author":1,"featured_media":0,"parent":0,"menu_order":0,"comment_status":"closed","ping_status":"closed","template":"page-fullwidth.php","meta":{"ngg_post_thumbnail":0,"footnotes":""},"class_list":["post-25","page","type-page","status-publish","hentry"],"_links":{"self":[{"href":"https:\/\/aba.money\/es\/wp-json\/wp\/v2\/pages\/25","targetHints":{"allow":["GET"]}}],"collection":[{"href":"https:\/\/aba.money\/es\/wp-json\/wp\/v2\/pages"}],"about":[{"href":"https:\/\/aba.money\/es\/wp-json\/wp\/v2\/types\/page"}],"author":[{"embeddable":true,"href":"https:\/\/aba.money\/es\/wp-json\/wp\/v2\/users\/1"}],"replies":[{"embeddable":true,"href":"https:\/\/aba.money\/es\/wp-json\/wp\/v2\/comments?post=25"}],"version-history":[{"count":74,"href":"https:\/\/aba.money\/es\/wp-json\/wp\/v2\/pages\/25\/revisions"}],"predecessor-version":[{"id":495,"href":"https:\/\/aba.money\/es\/wp-json\/wp\/v2\/pages\/25\/revisions\/495"}],"wp:attachment":[{"href":"https:\/\/aba.money\/es\/wp-json\/wp\/v2\/media?parent=25"}],"curies":[{"name":"wp","href":"https:\/\/api.w.org\/{rel}","templated":true}]}}