{"id":25,"date":"2021-06-22T20:42:17","date_gmt":"2021-06-22T13:42:17","guid":{"rendered":"https:\/\/aba.money\/?page_id=25"},"modified":"2022-05-16T06:09:08","modified_gmt":"2022-05-15T23:09:08","slug":"sell","status":"publish","type":"page","link":"https:\/\/aba.money\/de\/","title":{"rendered":""},"content":{"rendered":"<div id=\"modal-ready\">\n<p style=\"text-align: justify;\"><strong>Hatten Sie davon getr\u00e4umt, ohne Bankkarten, Bankkonten und sogar ohne Personalausweis ineinreisere? Haben Sie nur Bitcoins als Hauptfonds und ein Telefon mit Internet? Jetzt ist es m\u00f6glich f\u00fcr Kambodscha!<\/strong><\/p>\n<p style=\"text-align: justify;\">Wir bieten 5 Minuten Service f\u00fcr den Umtausch Ihrer Bitcoins in \u00e4quivalentin bar durch anonyme Option von ABA Bankgeldautomaten \u2013 Bargeldcode.<\/p>\n<p>Hier sind die Schritte f\u00fcr den Austausch:<\/p>\n<p style=\"text-align: justify;\">1. Sie beantragen einen Betrag von kambodschanischen Riels oder USD (mindestens 100 USD \u2013 Banklimit), die Sie f\u00fcr Ihre Bitcoins in dem untenstehenden Formular erhalten m\u00f6chten.<\/p>\n<p style=\"text-align: justify;\">2. Nachdem Sie uns diese Informationen gesendet haben, sehen Sie und wir den angegebenen Betrag, klicken Sie bitte auf den Chat-Button und schreiben Sie, wenn Sie Bargeldoder oder Bank\u00fcberweisung bevorzugen.<\/p>\n<p style=\"text-align: justify;\">3. Sie erhalten Bitcoin-Adresse in unserer Antwort aus dem Chat, wo Sie die angegebene Menge an Bitcoins \u00fcbertragen.<\/p>\n<p style=\"text-align: justify;\">4a. Wir werden einen Barcode f\u00fcr Bargeldabhebung von ABA ATM (aktiv f\u00fcr 24 Stunden) ausstellen. Wenn die Bargeldabhebung durchgef\u00fchrt wurde, ist der Handel beendet. Ihre m\u00f6glichen Verz\u00f6gerungen bei der Auszahlung oder AmGeld ist nicht in Ordnung, wir werden Barcode nach 24 Stunden wieder ausstellen, abh\u00e4ngig von Ihrer Bereitschaft.<\/p>\n<p style=\"text-align: justify;\">4b. Wir \u00fcberweisen kambodschanische Riels oder USD auf jedes Bankkonto, das Sie im Chat erw\u00e4hnt haben.<br \/>\n[cur-announc lang=DE]<\/p>\n<p>&nbsp;<\/p>\n<\/div>","protected":false},"excerpt":{"rendered":"<p>Hatten Sie davon getr\u00e4umt, ohne Bankkarten, Bankkonten und sogar ohne Personalausweis ineinreisere? Haben Sie nur Bitcoins als Hauptfonds und ein Telefon mit Internet? Jetzt ist es m\u00f6glich f\u00fcr Kambodscha! Wir bieten 5 Minuten Service f\u00fcr den Umtausch Ihrer Bitcoins in \u00e4quivalentin bar durch anonyme Option von ABA Bankgeldautomaten \u2013 Bargeldcode. Hier sind die Schritte f\u00fcr&#8230;<\/p>\n","protected":false},"author":1,"featured_media":0,"parent":0,"menu_order":0,"comment_status":"closed","ping_status":"closed","template":"page-fullwidth.php","meta":{"ngg_post_thumbnail":0,"footnotes":""},"class_list":["post-25","page","type-page","status-publish","hentry"],"_links":{"self":[{"href":"https:\/\/aba.money\/de\/wp-json\/wp\/v2\/pages\/25","targetHints":{"allow":["GET"]}}],"collection":[{"href":"https:\/\/aba.money\/de\/wp-json\/wp\/v2\/pages"}],"about":[{"href":"https:\/\/aba.money\/de\/wp-json\/wp\/v2\/types\/page"}],"author":[{"embeddable":true,"href":"https:\/\/aba.money\/de\/wp-json\/wp\/v2\/users\/1"}],"replies":[{"embeddable":true,"href":"https:\/\/aba.money\/de\/wp-json\/wp\/v2\/comments?post=25"}],"version-history":[{"count":74,"href":"https:\/\/aba.money\/de\/wp-json\/wp\/v2\/pages\/25\/revisions"}],"predecessor-version":[{"id":495,"href":"https:\/\/aba.money\/de\/wp-json\/wp\/v2\/pages\/25\/revisions\/495"}],"wp:attachment":[{"href":"https:\/\/aba.money\/de\/wp-json\/wp\/v2\/media?parent=25"}],"curies":[{"name":"wp","href":"https:\/\/api.w.org\/{rel}","templated":true}]}}